{"id":18,"date":"2024-03-16T17:17:48","date_gmt":"2024-03-16T16:17:48","guid":{"rendered":"https:\/\/terranordgardens.se\/?page_id=18"},"modified":"2025-04-05T13:13:18","modified_gmt":"2025-04-05T12:13:18","slug":"home","status":"publish","type":"page","link":"https:\/\/terranordgardens.se\/en\/","title":{"rendered":"Home"},"content":{"rendered":"","protected":false},"excerpt":{"rendered":"","protected":false},"author":1,"featured_media":0,"parent":0,"menu_order":0,"comment_status":"closed","ping_status":"closed","template":"","meta":{"_acf_changed":false,"_seopress_robots_primary_cat":"","_seopress_titles_title":"Kolonistugor vid medelhavet %%sep%% %%sitetitle%%","_seopress_titles_desc":"Dr\u00f6mmer du om en kolonistuga p\u00e5 Cypern? Slipp l\u00e5nga k\u00f6er och f\u00e5 mer tid f\u00f6r avkoppling. Utforska v\u00e5ra kolonistugor och k\u00f6p ditt dr\u00f6m fritidshus idag.","_seopress_robots_index":"","footnotes":""},"class_list":["post-18","page","type-page","status-publish","hentry"],"acf":[],"meta_box":{"2068_from":["1468","1471","1488","1485","1457"]},"_links":{"self":[{"href":"https:\/\/terranordgardens.se\/en\/wp-json\/wp\/v2\/pages\/18","targetHints":{"allow":["GET"]}}],"collection":[{"href":"https:\/\/terranordgardens.se\/en\/wp-json\/wp\/v2\/pages"}],"about":[{"href":"https:\/\/terranordgardens.se\/en\/wp-json\/wp\/v2\/types\/page"}],"author":[{"embeddable":true,"href":"https:\/\/terranordgardens.se\/en\/wp-json\/wp\/v2\/users\/1"}],"replies":[{"embeddable":true,"href":"https:\/\/terranordgardens.se\/en\/wp-json\/wp\/v2\/comments?post=18"}],"version-history":[{"count":100,"href":"https:\/\/terranordgardens.se\/en\/wp-json\/wp\/v2\/pages\/18\/revisions"}],"predecessor-version":[{"id":4479,"href":"https:\/\/terranordgardens.se\/en\/wp-json\/wp\/v2\/pages\/18\/revisions\/4479"}],"wp:attachment":[{"href":"https:\/\/terranordgardens.se\/en\/wp-json\/wp\/v2\/media?parent=18"}],"curies":[{"name":"wp","href":"https:\/\/api.w.org\/{rel}","templated":true}]}}